{"id":3379,"date":"2024-04-25T15:21:18","date_gmt":"2024-04-25T13:21:18","guid":{"rendered":"https:\/\/dev.detabecomat.se\/?page_id=3379"},"modified":"2024-08-05T09:59:24","modified_gmt":"2024-08-05T07:59:24","slug":"hallbarhet","status":"publish","type":"page","link":"https:\/\/dev.detabecomat.se\/en\/hallbarhet\/","title":{"rendered":"Sustainability"},"content":{"rendered":"<div data-elementor-type=\"wp-page\" data-elementor-id=\"3379\" class=\"elementor elementor-3379\" data-elementor-post-type=\"page\">\n\t\t\t\t<div class=\"elementor-element elementor-element-78355b88 e-flex e-con-boxed e-con e-parent\" data-id=\"78355b88\" data-element_type=\"container\" data-settings=\"{&quot;background_background&quot;:&quot;video&quot;,&quot;background_video_link&quot;:&quot;https:\\\/\\\/dev.detabecomat.se\\\/wp-content\\\/uploads\\\/2024\\\/05\\\/7456877-hd_1280_720_25fps.mp4&quot;,&quot;background_play_on_mobile&quot;:&quot;yes&quot;}\">\n\t\t\t\t\t<div class=\"e-con-inner\">\n\t\t<div class=\"elementor-background-video-container\">\n\t\t\t\t\t\t\t<video class=\"elementor-background-video-hosted elementor-html5-video\" autoplay muted playsinline loop><\/video>\n\t\t\t\t\t<\/div>\t\t\t<\/div>\n\t\t\t\t<\/div>\n\t\t<div class=\"elementor-element elementor-element-6967b9ed elementor-hidden-desktop elementor-hidden-tablet elementor-hidden-mobile e-flex e-con-boxed e-con e-parent\" data-id=\"6967b9ed\" data-element_type=\"container\" data-settings=\"{&quot;background_background&quot;:&quot;classic&quot;}\">\n\t\t\t\t\t<div class=\"e-con-inner\">\n\t\t\t\t<div class=\"elementor-element elementor-element-2c6149d elementor-widget__width-initial elementor-widget elementor-widget-video\" data-id=\"2c6149d\" data-element_type=\"widget\" data-settings=\"{&quot;video_type&quot;:&quot;hosted&quot;,&quot;autoplay&quot;:&quot;yes&quot;,&quot;mute&quot;:&quot;yes&quot;,&quot;loop&quot;:&quot;yes&quot;}\" data-widget_type=\"video.default\">\n\t\t\t\t<div class=\"elementor-widget-container\">\n\t\t\t\t\t<div class=\"e-hosted-video elementor-wrapper elementor-open-inline\">\n\t\t\t\t\t<video class=\"elementor-video\" src=\"https:\/\/dev.detabecomat.se\/wp-content\/uploads\/2024\/05\/7456877-hd_1280_720_25fps.mp4\" autoplay=\"\" loop=\"\" muted=\"muted\" controlslist=\"nodownload\"><\/video>\n\t\t\t\t<\/div>\n\t\t\t\t<\/div>\n\t\t\t\t<\/div>\n\t\t<div class=\"elementor-element elementor-element-52f4f8d6 e-con-full e-flex e-con e-child\" data-id=\"52f4f8d6\" data-element_type=\"container\">\n\t\t\t\t<div class=\"elementor-element elementor-element-72ac740c elementor-widget elementor-widget-heading\" data-id=\"72ac740c\" data-element_type=\"widget\" data-widget_type=\"heading.default\">\n\t\t\t\t<div class=\"elementor-widget-container\">\n\t\t\t<h2 class=\"elementor-heading-title elementor-size-default\">Sustainability<\/h2>\t\t<\/div>\n\t\t\t\t<\/div>\n\t\t\t\t<div class=\"elementor-element elementor-element-3953ae81 elementor-widget elementor-widget-text-editor\" data-id=\"3953ae81\" data-element_type=\"widget\" data-widget_type=\"text-editor.default\">\n\t\t\t\t<div class=\"elementor-widget-container\">\n\t\t\t\t\t\t\t<p>Detab Ecomat Automation AB has a responsibility towards the environment, customers, employees, owners and society. We shall reduce our impact on the environment to the extent that it is economically reasonable and technically possible.&nbsp;<span style=\"color: #0d0d0d; font-family: ui-sans-serif, -apple-system, system-ui, 'Segoe UI', Roboto, Ubuntu, Cantarell, 'Noto Sans', sans-serif, Helvetica, 'Apple Color Emoji', Arial, 'Segoe UI Emoji', 'Segoe UI Symbol'; white-space-collapse: preserve; text-align: var(--text-align); background-color: var( --e-global-color-primary ); font-size: 1rem;\">Working with sustainability for us at Detab means that we must integrate environmental, social and economic aspects in all parts of the business in order to create long-term value and try to minimize negative effects.<\/span><\/p>\t\t\t\t\t\t<\/div>\n\t\t\t\t<\/div>\n\t\t\t\t<\/div>\n\t\t\t\t\t<\/div>\n\t\t\t\t<\/div>\n\t\t<div class=\"elementor-element elementor-element-f86cd63 e-flex e-con-boxed e-con e-parent\" data-id=\"f86cd63\" data-element_type=\"container\" data-settings=\"{&quot;background_background&quot;:&quot;classic&quot;}\">\n\t\t\t\t\t<div class=\"e-con-inner\">\n\t\t\t\t<div class=\"elementor-element elementor-element-bdbd898 elementor-widget elementor-widget-text-editor\" data-id=\"bdbd898\" data-element_type=\"widget\" data-widget_type=\"text-editor.default\">\n\t\t\t\t<div class=\"elementor-widget-container\">\n\t\t\t\t\t\t\t<p>Detab Ecomat Automation AB has a responsibility towards the environment, customers, employees, owners and society. We shall reduce our impact on the environment to the extent that it is economically reasonable and technically possible. Working with sustainability for us at Detab means that we must integrate environmental, social and economic aspects in all parts of the business in order to create long-term value and try to minimize negative effects.<\/p>\t\t\t\t\t\t<\/div>\n\t\t\t\t<\/div>\n\t\t\t\t\t<\/div>\n\t\t\t\t<\/div>\n\t\t<div class=\"elementor-element elementor-element-fa36430 e-flex e-con-boxed e-con e-parent\" data-id=\"fa36430\" data-element_type=\"container\">\n\t\t\t\t\t<div class=\"e-con-inner\">\n\t\t\t\t<div class=\"elementor-element elementor-element-441005d elementor-widget elementor-widget-heading\" data-id=\"441005d\" data-element_type=\"widget\" data-widget_type=\"heading.default\">\n\t\t\t\t<div class=\"elementor-widget-container\">\n\t\t\t<h2 class=\"elementor-heading-title elementor-size-default\">Sustainability for us<\/h2>\t\t<\/div>\n\t\t\t\t<\/div>\n\t\t\t\t<div class=\"elementor-element elementor-element-afc6a22 elementor-widget elementor-widget-text-editor\" data-id=\"afc6a22\" data-element_type=\"widget\" data-widget_type=\"text-editor.default\">\n\t\t\t\t<div class=\"elementor-widget-container\">\n\t\t\t\t\t\t\t<p>In practice, this means that we must make business decisions, strive for demanded quality and seek continuous improvements, as well as measure, follow up and communicate our development in a transparent and credible manner. We must have preventive work to minimize the risk of pollution and work in a way that is characterized by continuous environmental improvements. We must take into account the expectations our customers, employees, owners and the outside world have of us. We must continuously work to increase our environmental competence and encourage employees to increase environmental awareness. We must comply with applicable laws, regulations and instructions. Detab Ecomat Automation AB shall work for and be an attractive employer that offers development opportunities in a safe, healthy and equal workplace. By integrating sustainability into all aspects of our business, we strive to contribute to a more sustainable future for both people and the planet.<\/p>\t\t\t\t\t\t<\/div>\n\t\t\t\t<\/div>\n\t\t<div class=\"elementor-element elementor-element-385cd3a e-flex e-con-boxed e-con e-child\" data-id=\"385cd3a\" data-element_type=\"container\">\n\t\t\t\t\t<div class=\"e-con-inner\">\n\t\t\t\t<div class=\"elementor-element elementor-element-440a8ba underline-link elementor-widget elementor-widget-button\" data-id=\"440a8ba\" data-element_type=\"widget\" data-widget_type=\"button.default\">\n\t\t\t\t<div class=\"elementor-widget-container\">\n\t\t\t\t\t<div class=\"elementor-button-wrapper\">\n\t\t\t<a class=\"elementor-button elementor-button-link elementor-size-sm\" href=\"https:\/\/dev.detabecomat.se\/wp-content\/uploads\/2024\/05\/code-of-conduct-2022-11-14.pdf\" target=\"_blank\" rel=\"nofollow\">\n\t\t\t\t\t\t<span class=\"elementor-button-content-wrapper\">\n\t\t\t\t\t\t<span class=\"elementor-button-icon\">\n\t\t\t\t<svg xmlns=\"http:\/\/www.w3.org\/2000\/svg\" width=\"7\" height=\"11\" viewbox=\"0 0 7 11\" fill=\"none\"><path d=\"M1.06896 11C0.906288 11 0.742958 10.9381 0.618324 10.8131C0.369413 10.5642 0.369413 10.1614 0.618324 9.91251L5.03107 5.50006L0.618324 1.08731C0.369413 0.8384 0.369413 0.435239 0.618324 0.186684C0.867236 -0.0622279 1.2704 -0.0622279 1.51925 0.186684L6.38198 5.04942C6.6309 5.29833 6.6309 5.70149 6.38198 5.95005L1.51925 10.8131C1.39503 10.9377 1.232 11 1.06896 11Z\" fill=\"black\"><\/path><\/svg>\t\t\t<\/span>\n\t\t\t\t\t\t\t\t\t<span class=\"elementor-button-text\">Read our code of conduct<\/span>\n\t\t\t\t\t<\/span>\n\t\t\t\t\t<\/a>\n\t\t<\/div>\n\t\t\t\t<\/div>\n\t\t\t\t<\/div>\n\t\t\t\t<div class=\"elementor-element elementor-element-a5de09b underline-link elementor-widget elementor-widget-button\" data-id=\"a5de09b\" data-element_type=\"widget\" data-widget_type=\"button.default\">\n\t\t\t\t<div class=\"elementor-widget-container\">\n\t\t\t\t\t<div class=\"elementor-button-wrapper\">\n\t\t\t<a class=\"elementor-button elementor-button-link elementor-size-sm\" href=\"https:\/\/dev.detabecomat.se\/en\/miljopolicy\/\">\n\t\t\t\t\t\t<span class=\"elementor-button-content-wrapper\">\n\t\t\t\t\t\t<span class=\"elementor-button-icon\">\n\t\t\t\t<svg xmlns=\"http:\/\/www.w3.org\/2000\/svg\" width=\"7\" height=\"11\" viewbox=\"0 0 7 11\" fill=\"none\"><path d=\"M1.06896 11C0.906288 11 0.742958 10.9381 0.618324 10.8131C0.369413 10.5642 0.369413 10.1614 0.618324 9.91251L5.03107 5.50006L0.618324 1.08731C0.369413 0.8384 0.369413 0.435239 0.618324 0.186684C0.867236 -0.0622279 1.2704 -0.0622279 1.51925 0.186684L6.38198 5.04942C6.6309 5.29833 6.6309 5.70149 6.38198 5.95005L1.51925 10.8131C1.39503 10.9377 1.232 11 1.06896 11Z\" fill=\"black\"><\/path><\/svg>\t\t\t<\/span>\n\t\t\t\t\t\t\t\t\t<span class=\"elementor-button-text\">Read our environmental policy<\/span>\n\t\t\t\t\t<\/span>\n\t\t\t\t\t<\/a>\n\t\t<\/div>\n\t\t\t\t<\/div>\n\t\t\t\t<\/div>\n\t\t\t\t\t<\/div>\n\t\t\t\t<\/div>\n\t\t\t\t\t<\/div>\n\t\t\t\t<\/div>\n\t\t\t\t<\/div>","protected":false},"excerpt":{"rendered":"<p>https:\/\/dev.detabecomat.se\/wp-content\/uploads\/2024\/05\/7456877-hd_1280_720_25fps.mp4 H\u00e5llbarhet Detab Ecomat Automation AB har ett ansvar mot milj\u00f6n, kunder, anst\u00e4llda, \u00e4gare och samh\u00e4llet. Vi ska minska v\u00e5r p\u00e5verkan p\u00e5 milj\u00f6n i den m\u00e5n den \u00e4r ekonomiskt rimligt och tekniskt m\u00f6jligt.&nbsp;Att arbeta med h\u00e5llbarhet f\u00f6r oss p\u00e5 Detab inneb\u00e4r att vi ska integrera milj\u00f6m\u00e4ssiga, sociala och ekonomiska aspekter i alla delar av verksamheten [&hellip;]<\/p>","protected":false},"author":3,"featured_media":0,"parent":0,"menu_order":0,"comment_status":"closed","ping_status":"closed","template":"","meta":{"_acf_changed":false,"footnotes":""},"class_list":["post-3379","page","type-page","status-publish","hentry"],"acf":[],"yoast_head":"<!-- This site is optimized with the Yoast SEO plugin v23.5 - https:\/\/yoast.com\/wordpress\/plugins\/seo\/ -->\n<title>H\u00e5llbarhet | Detab Ecomat Automation<\/title>\n<meta name=\"robots\" content=\"noindex, follow, max-snippet:-1, max-image-preview:large, max-video-preview:-1\" \/>\n<meta property=\"og:locale\" content=\"en_US\" \/>\n<meta property=\"og:type\" content=\"article\" \/>\n<meta property=\"og:title\" content=\"H\u00e5llbarhet | Detab Ecomat Automation\" \/>\n<meta property=\"og:description\" content=\"https:\/\/dev.detabecomat.se\/wp-content\/uploads\/2024\/05\/7456877-hd_1280_720_25fps.mp4 H\u00e5llbarhet Detab Ecomat Automation AB har ett ansvar mot milj\u00f6n, kunder, anst\u00e4llda, \u00e4gare och samh\u00e4llet. Vi ska minska v\u00e5r p\u00e5verkan p\u00e5 milj\u00f6n i den m\u00e5n den \u00e4r ekonomiskt rimligt och tekniskt m\u00f6jligt.&nbsp;Att arbeta med h\u00e5llbarhet f\u00f6r oss p\u00e5 Detab inneb\u00e4r att vi ska integrera milj\u00f6m\u00e4ssiga, sociala och ekonomiska aspekter i alla delar av verksamheten [&hellip;]\" \/>\n<meta property=\"og:url\" content=\"https:\/\/dev.detabecomat.se\/en\/hallbarhet\/\" \/>\n<meta property=\"og:site_name\" content=\"Detab Ecomat Automation\" \/>\n<meta property=\"article:modified_time\" content=\"2024-08-05T07:59:24+00:00\" \/>\n<meta property=\"og:image\" content=\"https:\/\/dev.detabecomat.se\/wp-content\/uploads\/2022\/11\/Detab_logga_farg_svart-text.png\" \/>\n\t<meta property=\"og:image:width\" content=\"1704\" \/>\n\t<meta property=\"og:image:height\" content=\"493\" \/>\n\t<meta property=\"og:image:type\" content=\"image\/png\" \/>\n<meta name=\"twitter:card\" content=\"summary_large_image\" \/>\n<meta name=\"twitter:label1\" content=\"Est. reading time\" \/>\n\t<meta name=\"twitter:data1\" content=\"2 minutes\" \/>\n<script type=\"application\/ld+json\" class=\"yoast-schema-graph\">{\"@context\":\"https:\/\/schema.org\",\"@graph\":[{\"@type\":\"WebPage\",\"@id\":\"https:\/\/dev.detabecomat.se\/hallbarhet\/\",\"url\":\"https:\/\/dev.detabecomat.se\/hallbarhet\/\",\"name\":\"H\u00e5llbarhet | Detab Ecomat Automation\",\"isPartOf\":{\"@id\":\"https:\/\/dev.detabecomat.se\/#website\"},\"datePublished\":\"2024-04-25T13:21:18+00:00\",\"dateModified\":\"2024-08-05T07:59:24+00:00\",\"breadcrumb\":{\"@id\":\"https:\/\/dev.detabecomat.se\/hallbarhet\/#breadcrumb\"},\"inLanguage\":\"en-US\",\"potentialAction\":[{\"@type\":\"ReadAction\",\"target\":[\"https:\/\/dev.detabecomat.se\/hallbarhet\/\"]}]},{\"@type\":\"BreadcrumbList\",\"@id\":\"https:\/\/dev.detabecomat.se\/hallbarhet\/#breadcrumb\",\"itemListElement\":[{\"@type\":\"ListItem\",\"position\":1,\"name\":\"Hem\",\"item\":\"https:\/\/dev.detabecomat.se\/\"},{\"@type\":\"ListItem\",\"position\":2,\"name\":\"H\u00e5llbarhet\"}]},{\"@type\":\"WebSite\",\"@id\":\"https:\/\/dev.detabecomat.se\/#website\",\"url\":\"https:\/\/dev.detabecomat.se\/\",\"name\":\"Detab Ecomat Automation\",\"description\":\"Automation solutions\",\"publisher\":{\"@id\":\"https:\/\/dev.detabecomat.se\/#organization\"},\"potentialAction\":[{\"@type\":\"SearchAction\",\"target\":{\"@type\":\"EntryPoint\",\"urlTemplate\":\"https:\/\/dev.detabecomat.se\/?s={search_term_string}\"},\"query-input\":{\"@type\":\"PropertyValueSpecification\",\"valueRequired\":true,\"valueName\":\"search_term_string\"}}],\"inLanguage\":\"en-US\"},{\"@type\":\"Organization\",\"@id\":\"https:\/\/dev.detabecomat.se\/#organization\",\"name\":\"Detab Ecomat Automation\",\"url\":\"https:\/\/dev.detabecomat.se\/\",\"logo\":{\"@type\":\"ImageObject\",\"inLanguage\":\"en-US\",\"@id\":\"https:\/\/dev.detabecomat.se\/#\/schema\/logo\/image\/\",\"url\":\"https:\/\/dev.detabecomat.se\/wp-content\/uploads\/2022\/11\/Detab_logga_farg_svart-text.png\",\"contentUrl\":\"https:\/\/dev.detabecomat.se\/wp-content\/uploads\/2022\/11\/Detab_logga_farg_svart-text.png\",\"width\":1704,\"height\":493,\"caption\":\"Detab Ecomat Automation\"},\"image\":{\"@id\":\"https:\/\/dev.detabecomat.se\/#\/schema\/logo\/image\/\"}}]}<\/script>\n<!-- \/ Yoast SEO plugin. -->","yoast_head_json":{"title":"H\u00e5llbarhet | Detab Ecomat Automation","robots":{"index":"noindex","follow":"follow","max-snippet":"max-snippet:-1","max-image-preview":"max-image-preview:large","max-video-preview":"max-video-preview:-1"},"og_locale":"en_US","og_type":"article","og_title":"H\u00e5llbarhet | Detab Ecomat Automation","og_description":"https:\/\/dev.detabecomat.se\/wp-content\/uploads\/2024\/05\/7456877-hd_1280_720_25fps.mp4 H\u00e5llbarhet Detab Ecomat Automation AB har ett ansvar mot milj\u00f6n, kunder, anst\u00e4llda, \u00e4gare och samh\u00e4llet. Vi ska minska v\u00e5r p\u00e5verkan p\u00e5 milj\u00f6n i den m\u00e5n den \u00e4r ekonomiskt rimligt och tekniskt m\u00f6jligt.&nbsp;Att arbeta med h\u00e5llbarhet f\u00f6r oss p\u00e5 Detab inneb\u00e4r att vi ska integrera milj\u00f6m\u00e4ssiga, sociala och ekonomiska aspekter i alla delar av verksamheten [&hellip;]","og_url":"https:\/\/dev.detabecomat.se\/en\/hallbarhet\/","og_site_name":"Detab Ecomat Automation","article_modified_time":"2024-08-05T07:59:24+00:00","og_image":[{"width":1704,"height":493,"url":"https:\/\/dev.detabecomat.se\/wp-content\/uploads\/2022\/11\/Detab_logga_farg_svart-text.png","type":"image\/png"}],"twitter_card":"summary_large_image","twitter_misc":{"Est. reading time":"2 minutes"},"schema":{"@context":"https:\/\/schema.org","@graph":[{"@type":"WebPage","@id":"https:\/\/dev.detabecomat.se\/hallbarhet\/","url":"https:\/\/dev.detabecomat.se\/hallbarhet\/","name":"H\u00e5llbarhet | Detab Ecomat Automation","isPartOf":{"@id":"https:\/\/dev.detabecomat.se\/#website"},"datePublished":"2024-04-25T13:21:18+00:00","dateModified":"2024-08-05T07:59:24+00:00","breadcrumb":{"@id":"https:\/\/dev.detabecomat.se\/hallbarhet\/#breadcrumb"},"inLanguage":"en-US","potentialAction":[{"@type":"ReadAction","target":["https:\/\/dev.detabecomat.se\/hallbarhet\/"]}]},{"@type":"BreadcrumbList","@id":"https:\/\/dev.detabecomat.se\/hallbarhet\/#breadcrumb","itemListElement":[{"@type":"ListItem","position":1,"name":"Hem","item":"https:\/\/dev.detabecomat.se\/"},{"@type":"ListItem","position":2,"name":"H\u00e5llbarhet"}]},{"@type":"WebSite","@id":"https:\/\/dev.detabecomat.se\/#website","url":"https:\/\/dev.detabecomat.se\/","name":"Detab Ecomat Automation","description":"Automation solutions","publisher":{"@id":"https:\/\/dev.detabecomat.se\/#organization"},"potentialAction":[{"@type":"SearchAction","target":{"@type":"EntryPoint","urlTemplate":"https:\/\/dev.detabecomat.se\/?s={search_term_string}"},"query-input":{"@type":"PropertyValueSpecification","valueRequired":true,"valueName":"search_term_string"}}],"inLanguage":"en-US"},{"@type":"Organization","@id":"https:\/\/dev.detabecomat.se\/#organization","name":"Detab Ecomat Automation","url":"https:\/\/dev.detabecomat.se\/","logo":{"@type":"ImageObject","inLanguage":"en-US","@id":"https:\/\/dev.detabecomat.se\/#\/schema\/logo\/image\/","url":"https:\/\/dev.detabecomat.se\/wp-content\/uploads\/2022\/11\/Detab_logga_farg_svart-text.png","contentUrl":"https:\/\/dev.detabecomat.se\/wp-content\/uploads\/2022\/11\/Detab_logga_farg_svart-text.png","width":1704,"height":493,"caption":"Detab Ecomat Automation"},"image":{"@id":"https:\/\/dev.detabecomat.se\/#\/schema\/logo\/image\/"}}]}},"_links":{"self":[{"href":"https:\/\/dev.detabecomat.se\/en\/wp-json\/wp\/v2\/pages\/3379","targetHints":{"allow":["GET"]}}],"collection":[{"href":"https:\/\/dev.detabecomat.se\/en\/wp-json\/wp\/v2\/pages"}],"about":[{"href":"https:\/\/dev.detabecomat.se\/en\/wp-json\/wp\/v2\/types\/page"}],"author":[{"embeddable":true,"href":"https:\/\/dev.detabecomat.se\/en\/wp-json\/wp\/v2\/users\/3"}],"replies":[{"embeddable":true,"href":"https:\/\/dev.detabecomat.se\/en\/wp-json\/wp\/v2\/comments?post=3379"}],"version-history":[{"count":74,"href":"https:\/\/dev.detabecomat.se\/en\/wp-json\/wp\/v2\/pages\/3379\/revisions"}],"predecessor-version":[{"id":3788,"href":"https:\/\/dev.detabecomat.se\/en\/wp-json\/wp\/v2\/pages\/3379\/revisions\/3788"}],"wp:attachment":[{"href":"https:\/\/dev.detabecomat.se\/en\/wp-json\/wp\/v2\/media?parent=3379"}],"curies":[{"name":"wp","href":"https:\/\/api.w.org\/{rel}","templated":true}]}}