{"id":3734,"date":"2024-05-31T11:49:45","date_gmt":"2024-05-31T09:49:45","guid":{"rendered":"https:\/\/dev.detabecomat.se\/?page_id=3734"},"modified":"2024-05-31T12:02:57","modified_gmt":"2024-05-31T10:02:57","slug":"miljopolicy","status":"publish","type":"page","link":"https:\/\/dev.detabecomat.se\/en\/miljopolicy\/","title":{"rendered":"ENVIRONMENTAL POLICY"},"content":{"rendered":"<div data-elementor-type=\"wp-page\" data-elementor-id=\"3734\" class=\"elementor elementor-3734\" data-elementor-post-type=\"page\">\n\t\t\t\t<div class=\"elementor-element elementor-element-7052d06 e-flex e-con-boxed e-con e-parent\" data-id=\"7052d06\" data-element_type=\"container\" data-settings=\"{&quot;background_background&quot;:&quot;classic&quot;}\">\n\t\t\t\t\t<div class=\"e-con-inner\">\n\t\t\t\t\t<\/div>\n\t\t\t\t<\/div>\n\t\t<div class=\"elementor-element elementor-element-237df4c4 e-flex e-con-boxed e-con e-parent\" data-id=\"237df4c4\" data-element_type=\"container\" data-settings=\"{&quot;background_background&quot;:&quot;classic&quot;}\">\n\t\t\t\t\t<div class=\"e-con-inner\">\n\t\t\t\t<div class=\"elementor-element elementor-element-2f0f6445 elementor-widget elementor-widget-heading\" data-id=\"2f0f6445\" data-element_type=\"widget\" data-widget_type=\"heading.default\">\n\t\t\t\t<div class=\"elementor-widget-container\">\n\t\t\t<h2 class=\"elementor-heading-title elementor-size-default\">ENVIRONMENTAL POLICY<\/h2>\t\t<\/div>\n\t\t\t\t<\/div>\n\t\t\t\t<div class=\"elementor-element elementor-element-6acb900 elementor-widget elementor-widget-text-editor\" data-id=\"6acb900\" data-element_type=\"widget\" data-widget_type=\"text-editor.default\">\n\t\t\t\t<div class=\"elementor-widget-container\">\n\t\t\t\t\t\t\tDetab Ecomat Automation AB har ett ansvar mot milj\u00f6n liksom mot kunder, anst\u00e4llda, \u00e4gare och samh\u00e4llet. Vi skall minska p\u00e5verkan p\u00e5 milj\u00f6n s\u00e5 l\u00e5ngt det \u00e4r tekniskt m\u00f6jligt och ekonomiskt rimligt.\u2028F\u00f6r att f\u00f6rtydliga bredd och djup i v\u00e5r ambition har vi fastst\u00e4llt f\u00f6ljande punkter:<br><br>\n<ul>\n \t<li>Vi skall f\u00f6lja till\u00e4mpliga lagar, f\u00f6rordningar, avtal och anvisningar,\u2028d\u00e4ribland ISO 14001.<\/li>\n \t<li>Vi skall kontinuerligt arbeta f\u00f6r att \u00f6ka v\u00e5r milj\u00f6kompetens och uppmuntra\u2028medarbetare till ett \u00f6kat milj\u00f6medvetande.<\/li>\n \t<li>Vi skall ta h\u00e4nsyn till de f\u00f6rv\u00e4ntningar som v\u00e5ra kunder, medarbetare, \u00e4gare\u2028och omv\u00e4rlden har p\u00e5 oss.<\/li>\n \t<li>Vi skall s\u00e4kerst\u00e4lla att energin anv\u00e4nds med sparsamhet, detta genom att\u2028spara energi och f\u00f6rb\u00e4ttra energiutnyttjande i all v\u00e5r verksamhet.<\/li>\n \t<li>Vi skall ta h\u00e4nsyn till v\u00e5ra leverant\u00f6rers milj\u00f6p\u00e5verkan och prioritera\u2028leverant\u00f6rer som kan visa att de sj\u00e4lva aktivt arbetar med sin milj\u00f6p\u00e5verkan.<\/li>\n \t<li>Vi skall \u00f6ppet redovisa fakta om v\u00e5r milj\u00f6p\u00e5verkan och v\u00e5rt milj\u00f6arbete.<\/li>\n \t<li>Vi skall arbeta p\u00e5 ett s\u00e4tt som pr\u00e4glas av st\u00e4ndiga milj\u00f6f\u00f6rb\u00e4ttringar.<\/li>\n \t<li>Vi skall ha ett f\u00f6rebyggande arbete f\u00f6r att minimera risken av f\u00f6roreningar.<\/li>\n<\/ul>\t\t\t\t\t\t<\/div>\n\t\t\t\t<\/div>\n\t\t\t\t\t<\/div>\n\t\t\t\t<\/div>\n\t\t\t\t<\/div>","protected":false},"excerpt":{"rendered":"<p>Milj\u00f6policy Detab Ecomat Automation AB har ett ansvar mot milj\u00f6n liksom mot kunder, anst\u00e4llda, \u00e4gare och samh\u00e4llet. Vi skall minska p\u00e5verkan p\u00e5 milj\u00f6n s\u00e5 l\u00e5ngt det \u00e4r tekniskt m\u00f6jligt och ekonomiskt rimligt.\u2028F\u00f6r att f\u00f6rtydliga bredd och djup i v\u00e5r ambition har vi fastst\u00e4llt f\u00f6ljande punkter: Vi skall f\u00f6lja till\u00e4mpliga lagar, f\u00f6rordningar, avtal och anvisningar,\u2028d\u00e4ribland ISO [&hellip;]<\/p>","protected":false},"author":3,"featured_media":0,"parent":0,"menu_order":0,"comment_status":"closed","ping_status":"closed","template":"","meta":{"_acf_changed":false,"footnotes":""},"class_list":["post-3734","page","type-page","status-publish","hentry"],"acf":[],"yoast_head":"<!-- This site is optimized with the Yoast SEO plugin v23.5 - https:\/\/yoast.com\/wordpress\/plugins\/seo\/ -->\n<title>Milj\u00f6policy | Detab Ecomat Automation<\/title>\n<meta name=\"robots\" content=\"noindex, follow, max-snippet:-1, max-image-preview:large, max-video-preview:-1\" \/>\n<meta property=\"og:locale\" content=\"en_US\" \/>\n<meta property=\"og:type\" content=\"article\" \/>\n<meta property=\"og:title\" content=\"Milj\u00f6policy | Detab Ecomat Automation\" \/>\n<meta property=\"og:description\" content=\"Milj\u00f6policy Detab Ecomat Automation AB har ett ansvar mot milj\u00f6n liksom mot kunder, anst\u00e4llda, \u00e4gare och samh\u00e4llet. Vi skall minska p\u00e5verkan p\u00e5 milj\u00f6n s\u00e5 l\u00e5ngt det \u00e4r tekniskt m\u00f6jligt och ekonomiskt rimligt.\u2028F\u00f6r att f\u00f6rtydliga bredd och djup i v\u00e5r ambition har vi fastst\u00e4llt f\u00f6ljande punkter: Vi skall f\u00f6lja till\u00e4mpliga lagar, f\u00f6rordningar, avtal och anvisningar,\u2028d\u00e4ribland ISO [&hellip;]\" \/>\n<meta property=\"og:url\" content=\"https:\/\/dev.detabecomat.se\/en\/miljopolicy\/\" \/>\n<meta property=\"og:site_name\" content=\"Detab Ecomat Automation\" \/>\n<meta property=\"article:modified_time\" content=\"2024-05-31T10:02:57+00:00\" \/>\n<meta property=\"og:image\" content=\"https:\/\/dev.detabecomat.se\/wp-content\/uploads\/2022\/11\/Detab_logga_farg_svart-text.png\" \/>\n\t<meta property=\"og:image:width\" content=\"1704\" \/>\n\t<meta property=\"og:image:height\" content=\"493\" \/>\n\t<meta property=\"og:image:type\" content=\"image\/png\" \/>\n<meta name=\"twitter:card\" content=\"summary_large_image\" \/>\n<meta name=\"twitter:label1\" content=\"Est. reading time\" \/>\n\t<meta name=\"twitter:data1\" content=\"1 minute\" \/>\n<script type=\"application\/ld+json\" class=\"yoast-schema-graph\">{\"@context\":\"https:\/\/schema.org\",\"@graph\":[{\"@type\":\"WebPage\",\"@id\":\"https:\/\/dev.detabecomat.se\/miljopolicy\/\",\"url\":\"https:\/\/dev.detabecomat.se\/miljopolicy\/\",\"name\":\"Milj\u00f6policy | Detab Ecomat Automation\",\"isPartOf\":{\"@id\":\"https:\/\/dev.detabecomat.se\/#website\"},\"datePublished\":\"2024-05-31T09:49:45+00:00\",\"dateModified\":\"2024-05-31T10:02:57+00:00\",\"breadcrumb\":{\"@id\":\"https:\/\/dev.detabecomat.se\/miljopolicy\/#breadcrumb\"},\"inLanguage\":\"en-US\",\"potentialAction\":[{\"@type\":\"ReadAction\",\"target\":[\"https:\/\/dev.detabecomat.se\/miljopolicy\/\"]}]},{\"@type\":\"BreadcrumbList\",\"@id\":\"https:\/\/dev.detabecomat.se\/miljopolicy\/#breadcrumb\",\"itemListElement\":[{\"@type\":\"ListItem\",\"position\":1,\"name\":\"Hem\",\"item\":\"https:\/\/dev.detabecomat.se\/\"},{\"@type\":\"ListItem\",\"position\":2,\"name\":\"Milj\u00f6policy\"}]},{\"@type\":\"WebSite\",\"@id\":\"https:\/\/dev.detabecomat.se\/#website\",\"url\":\"https:\/\/dev.detabecomat.se\/\",\"name\":\"Detab Ecomat Automation\",\"description\":\"Automation solutions\",\"publisher\":{\"@id\":\"https:\/\/dev.detabecomat.se\/#organization\"},\"potentialAction\":[{\"@type\":\"SearchAction\",\"target\":{\"@type\":\"EntryPoint\",\"urlTemplate\":\"https:\/\/dev.detabecomat.se\/?s={search_term_string}\"},\"query-input\":{\"@type\":\"PropertyValueSpecification\",\"valueRequired\":true,\"valueName\":\"search_term_string\"}}],\"inLanguage\":\"en-US\"},{\"@type\":\"Organization\",\"@id\":\"https:\/\/dev.detabecomat.se\/#organization\",\"name\":\"Detab Ecomat Automation\",\"url\":\"https:\/\/dev.detabecomat.se\/\",\"logo\":{\"@type\":\"ImageObject\",\"inLanguage\":\"en-US\",\"@id\":\"https:\/\/dev.detabecomat.se\/#\/schema\/logo\/image\/\",\"url\":\"https:\/\/dev.detabecomat.se\/wp-content\/uploads\/2022\/11\/Detab_logga_farg_svart-text.png\",\"contentUrl\":\"https:\/\/dev.detabecomat.se\/wp-content\/uploads\/2022\/11\/Detab_logga_farg_svart-text.png\",\"width\":1704,\"height\":493,\"caption\":\"Detab Ecomat Automation\"},\"image\":{\"@id\":\"https:\/\/dev.detabecomat.se\/#\/schema\/logo\/image\/\"}}]}<\/script>\n<!-- \/ Yoast SEO plugin. -->","yoast_head_json":{"title":"Milj\u00f6policy | Detab Ecomat Automation","robots":{"index":"noindex","follow":"follow","max-snippet":"max-snippet:-1","max-image-preview":"max-image-preview:large","max-video-preview":"max-video-preview:-1"},"og_locale":"en_US","og_type":"article","og_title":"Milj\u00f6policy | Detab Ecomat Automation","og_description":"Milj\u00f6policy Detab Ecomat Automation AB har ett ansvar mot milj\u00f6n liksom mot kunder, anst\u00e4llda, \u00e4gare och samh\u00e4llet. Vi skall minska p\u00e5verkan p\u00e5 milj\u00f6n s\u00e5 l\u00e5ngt det \u00e4r tekniskt m\u00f6jligt och ekonomiskt rimligt.\u2028F\u00f6r att f\u00f6rtydliga bredd och djup i v\u00e5r ambition har vi fastst\u00e4llt f\u00f6ljande punkter: Vi skall f\u00f6lja till\u00e4mpliga lagar, f\u00f6rordningar, avtal och anvisningar,\u2028d\u00e4ribland ISO [&hellip;]","og_url":"https:\/\/dev.detabecomat.se\/en\/miljopolicy\/","og_site_name":"Detab Ecomat Automation","article_modified_time":"2024-05-31T10:02:57+00:00","og_image":[{"width":1704,"height":493,"url":"https:\/\/dev.detabecomat.se\/wp-content\/uploads\/2022\/11\/Detab_logga_farg_svart-text.png","type":"image\/png"}],"twitter_card":"summary_large_image","twitter_misc":{"Est. reading time":"1 minute"},"schema":{"@context":"https:\/\/schema.org","@graph":[{"@type":"WebPage","@id":"https:\/\/dev.detabecomat.se\/miljopolicy\/","url":"https:\/\/dev.detabecomat.se\/miljopolicy\/","name":"Milj\u00f6policy | Detab Ecomat Automation","isPartOf":{"@id":"https:\/\/dev.detabecomat.se\/#website"},"datePublished":"2024-05-31T09:49:45+00:00","dateModified":"2024-05-31T10:02:57+00:00","breadcrumb":{"@id":"https:\/\/dev.detabecomat.se\/miljopolicy\/#breadcrumb"},"inLanguage":"en-US","potentialAction":[{"@type":"ReadAction","target":["https:\/\/dev.detabecomat.se\/miljopolicy\/"]}]},{"@type":"BreadcrumbList","@id":"https:\/\/dev.detabecomat.se\/miljopolicy\/#breadcrumb","itemListElement":[{"@type":"ListItem","position":1,"name":"Hem","item":"https:\/\/dev.detabecomat.se\/"},{"@type":"ListItem","position":2,"name":"Milj\u00f6policy"}]},{"@type":"WebSite","@id":"https:\/\/dev.detabecomat.se\/#website","url":"https:\/\/dev.detabecomat.se\/","name":"Detab Ecomat Automation","description":"Automation solutions","publisher":{"@id":"https:\/\/dev.detabecomat.se\/#organization"},"potentialAction":[{"@type":"SearchAction","target":{"@type":"EntryPoint","urlTemplate":"https:\/\/dev.detabecomat.se\/?s={search_term_string}"},"query-input":{"@type":"PropertyValueSpecification","valueRequired":true,"valueName":"search_term_string"}}],"inLanguage":"en-US"},{"@type":"Organization","@id":"https:\/\/dev.detabecomat.se\/#organization","name":"Detab Ecomat Automation","url":"https:\/\/dev.detabecomat.se\/","logo":{"@type":"ImageObject","inLanguage":"en-US","@id":"https:\/\/dev.detabecomat.se\/#\/schema\/logo\/image\/","url":"https:\/\/dev.detabecomat.se\/wp-content\/uploads\/2022\/11\/Detab_logga_farg_svart-text.png","contentUrl":"https:\/\/dev.detabecomat.se\/wp-content\/uploads\/2022\/11\/Detab_logga_farg_svart-text.png","width":1704,"height":493,"caption":"Detab Ecomat Automation"},"image":{"@id":"https:\/\/dev.detabecomat.se\/#\/schema\/logo\/image\/"}}]}},"_links":{"self":[{"href":"https:\/\/dev.detabecomat.se\/en\/wp-json\/wp\/v2\/pages\/3734","targetHints":{"allow":["GET"]}}],"collection":[{"href":"https:\/\/dev.detabecomat.se\/en\/wp-json\/wp\/v2\/pages"}],"about":[{"href":"https:\/\/dev.detabecomat.se\/en\/wp-json\/wp\/v2\/types\/page"}],"author":[{"embeddable":true,"href":"https:\/\/dev.detabecomat.se\/en\/wp-json\/wp\/v2\/users\/3"}],"replies":[{"embeddable":true,"href":"https:\/\/dev.detabecomat.se\/en\/wp-json\/wp\/v2\/comments?post=3734"}],"version-history":[{"count":13,"href":"https:\/\/dev.detabecomat.se\/en\/wp-json\/wp\/v2\/pages\/3734\/revisions"}],"predecessor-version":[{"id":3754,"href":"https:\/\/dev.detabecomat.se\/en\/wp-json\/wp\/v2\/pages\/3734\/revisions\/3754"}],"wp:attachment":[{"href":"https:\/\/dev.detabecomat.se\/en\/wp-json\/wp\/v2\/media?parent=3734"}],"curies":[{"name":"wp","href":"https:\/\/api.w.org\/{rel}","templated":true}]}}