{"id":380,"date":"2022-12-13T14:53:32","date_gmt":"2022-12-13T13:53:32","guid":{"rendered":"https:\/\/dev.detabecomat.se\/?page_id=380"},"modified":"2024-11-29T18:52:35","modified_gmt":"2024-11-29T17:52:35","slug":"om-foretaget","status":"publish","type":"page","link":"https:\/\/dev.detabecomat.se\/en\/om-foretaget\/","title":{"rendered":"Our Company"},"content":{"rendered":"<div data-elementor-type=\"wp-page\" data-elementor-id=\"380\" class=\"elementor elementor-380\" data-elementor-post-type=\"page\">\n\t\t\t\t<div class=\"elementor-element elementor-element-563fa65f e-flex e-con-boxed e-con e-parent\" data-id=\"563fa65f\" data-element_type=\"container\" data-settings=\"{&quot;background_background&quot;:&quot;classic&quot;}\">\n\t\t\t\t\t<div class=\"e-con-inner\">\n\t\t\t\t\t<\/div>\n\t\t\t\t<\/div>\n\t\t<div class=\"elementor-element elementor-element-7b6269b e-flex e-con-boxed e-con e-parent\" data-id=\"7b6269b\" data-element_type=\"container\" data-settings=\"{&quot;background_background&quot;:&quot;classic&quot;}\">\n\t\t\t\t\t<div class=\"e-con-inner\">\n\t\t<div class=\"elementor-element elementor-element-e9223c5 e-con-full e-flex e-con e-child\" data-id=\"e9223c5\" data-element_type=\"container\">\n\t\t\t\t<div class=\"elementor-element elementor-element-ac081c7 elementor-widget elementor-widget-heading\" data-id=\"ac081c7\" data-element_type=\"widget\" data-widget_type=\"heading.default\">\n\t\t\t\t<div class=\"elementor-widget-container\">\n\t\t\t<h2 class=\"elementor-heading-title elementor-size-default\">Om verksamheten<\/h2>\t\t<\/div>\n\t\t\t\t<\/div>\n\t\t\t\t<div class=\"elementor-element elementor-element-ac24f73 elementor-widget elementor-widget-text-editor\" data-id=\"ac24f73\" data-element_type=\"widget\" data-widget_type=\"text-editor.default\">\n\t\t\t\t<div class=\"elementor-widget-container\">\n\t\t\t\t\t\t\t<p style=\"text-align: center;\"><span data-contrast=\"auto\">P\u00e5 Detab har vi en l\u00e5ng och stolt historia som grundar sig i innovation och kvalitet. V\u00e5r resa b\u00f6rjade med en passion f\u00f6r att utveckla avancerade automationsl\u00f6sningar, och genom \u00e5ren har vi vuxit till att bli en ledande akt\u00f6r inom\u00a0vibrationsmatning. V\u00e5r historia \u00e4r en k\u00e4lla till inspiration, och vi b\u00e4r med oss de l\u00e4rdomar och erfarenheter vi har samlat p\u00e5 oss genom \u00e5ren.\u00a0<\/span>\u00a0<\/p><p style=\"text-align: center;\"><span data-contrast=\"auto\">Men det \u00e4r inte det f\u00f6rflutna som driver oss fram\u00e5t. Vi ser framtiden som v\u00e5r fr\u00e4msta m\u00f6jlighet och det \u00e4r d\u00e4r v\u00e5rt fokus ligger. Vi str\u00e4var st\u00e4ndigt efter att ligga i framkant g\u00e4llande utveckling, teknisk och mekanisk, och att erbjuda v\u00e5ra kunder de mest innovativa och effektiva l\u00f6sningarna. Genom att blicka fram\u00e5t och omfamna nya id\u00e9er\u00a0 och teknik, arbetar vi f\u00f6r att skapa en mer h\u00e5llbar och automatiserad framtid.\u00a0<\/span>\u00a0<\/p><p style=\"text-align: center;\"><span data-contrast=\"auto\">V\u00e5r vision \u00e4r inte bara att f\u00f6lja utvecklingen utan att leda den. Vi \u00e4r \u00f6vertygade om att framtidens automationsl\u00f6sningar kommer revolutionera industrin, och vi \u00e4r fast beslutna att vara en nyckelspelare i den utvecklingen. P\u00e5 Detab bygger vi vidare p\u00e5 v\u00e5r historia, men det \u00e4r framtiden som inspirerar oss varje dag.\u00a0<\/span>\u00a0<\/p>\t\t\t\t\t\t<\/div>\n\t\t\t\t<\/div>\n\t\t\t\t<\/div>\n\t\t\t\t\t<\/div>\n\t\t\t\t<\/div>\n\t\t<div class=\"elementor-element elementor-element-dd84633 e-flex e-con-boxed e-con e-parent\" data-id=\"dd84633\" data-element_type=\"container\" data-settings=\"{&quot;background_background&quot;:&quot;classic&quot;}\">\n\t\t\t\t\t<div class=\"e-con-inner\">\n\t\t<div class=\"elementor-element elementor-element-9faaf5d e-con-full e-flex e-con e-child\" data-id=\"9faaf5d\" data-element_type=\"container\" data-settings=\"{&quot;background_background&quot;:&quot;classic&quot;}\">\n\t\t\t\t<\/div>\n\t\t\t\t\t<\/div>\n\t\t\t\t<\/div>\n\t\t<div class=\"elementor-element elementor-element-56e0564 e-flex e-con-boxed e-con e-parent\" data-id=\"56e0564\" data-element_type=\"container\" data-settings=\"{&quot;background_background&quot;:&quot;classic&quot;}\">\n\t\t\t\t\t<div class=\"e-con-inner\">\n\t\t<div class=\"elementor-element elementor-element-eafd560 e-con-full e-flex e-con e-child\" data-id=\"eafd560\" data-element_type=\"container\">\n\t\t\t\t<div class=\"elementor-element elementor-element-8fb2d1b elementor-widget elementor-widget-heading\" data-id=\"8fb2d1b\" data-element_type=\"widget\" data-widget_type=\"heading.default\">\n\t\t\t\t<div class=\"elementor-widget-container\">\n\t\t\t<h2 class=\"elementor-heading-title elementor-size-default\">Personligt bem\u00f6tande<\/h2>\t\t<\/div>\n\t\t\t\t<\/div>\n\t\t\t\t<div class=\"elementor-element elementor-element-c5a0fb4 elementor-widget elementor-widget-text-editor\" data-id=\"c5a0fb4\" data-element_type=\"widget\" data-widget_type=\"text-editor.default\">\n\t\t\t\t<div class=\"elementor-widget-container\">\n\t\t\t\t\t\t\t<p style=\"text-align: center;\">Vi v\u00e4rdes\u00e4tter det personliga bem\u00f6tandet h\u00f6gt. Vi anser att varje kund \u00e4r unik och f\u00f6rtj\u00e4nar skr\u00e4ddarsydd service som matchar deras specifika behov. V\u00e5rt engagerade team str\u00e4var efter att bygga starka och l\u00e5ngvariga relationer genom att lyssna, f\u00f6rst\u00e5 och leverera l\u00f6sningar som verkligen g\u00f6r skillnad.\u00a0<\/p>\t\t\t\t\t\t<\/div>\n\t\t\t\t<\/div>\n\t\t\t\t<\/div>\n\t\t\t\t<div class=\"elementor-element elementor-element-bb61587 elementor-widget-tablet__width-initial elementor-widget elementor-widget-image\" data-id=\"bb61587\" data-element_type=\"widget\" data-widget_type=\"image.default\">\n\t\t\t\t<div class=\"elementor-widget-container\">\n\t\t\t\t\t\t\t\t\t\t\t\t\t<img fetchpriority=\"high\" decoding=\"async\" width=\"800\" height=\"534\" src=\"https:\/\/dev.detabecomat.se\/wp-content\/uploads\/2024\/08\/IMG_6231-1024x683.jpg\" class=\"attachment-large size-large wp-image-3994\" alt=\"\" srcset=\"https:\/\/dev.detabecomat.se\/wp-content\/uploads\/2024\/08\/IMG_6231-1024x683.jpg 1024w, https:\/\/dev.detabecomat.se\/wp-content\/uploads\/2024\/08\/IMG_6231-300x200.jpg 300w, https:\/\/dev.detabecomat.se\/wp-content\/uploads\/2024\/08\/IMG_6231-768x512.jpg 768w, https:\/\/dev.detabecomat.se\/wp-content\/uploads\/2024\/08\/IMG_6231-1536x1024.jpg 1536w, https:\/\/dev.detabecomat.se\/wp-content\/uploads\/2024\/08\/IMG_6231-2048x1365.jpg 2048w, https:\/\/dev.detabecomat.se\/wp-content\/uploads\/2024\/08\/IMG_6231-18x12.jpg 18w\" sizes=\"(max-width: 800px) 100vw, 800px\" \/>\t\t\t\t\t\t\t\t\t\t\t\t\t<\/div>\n\t\t\t\t<\/div>\n\t\t\t\t\t<\/div>\n\t\t\t\t<\/div>\n\t\t<div class=\"elementor-element elementor-element-367a9a48 e-flex e-con-boxed e-con e-parent\" data-id=\"367a9a48\" data-element_type=\"container\" data-settings=\"{&quot;background_background&quot;:&quot;classic&quot;}\">\n\t\t\t\t\t<div class=\"e-con-inner\">\n\t\t\t\t<div class=\"elementor-element elementor-element-4451f2d1 elementor-widget__width-initial elementor-widget elementor-widget-heading\" data-id=\"4451f2d1\" data-element_type=\"widget\" data-widget_type=\"heading.default\">\n\t\t\t\t<div class=\"elementor-widget-container\">\n\t\t\t<h2 class=\"elementor-heading-title elementor-size-default\">Do you also want to streamline your production?<\/h2>\t\t<\/div>\n\t\t\t\t<\/div>\n\t\t\t\t<div class=\"elementor-element elementor-element-4b363edf underline-link elementor-invisible elementor-widget elementor-widget-button\" data-id=\"4b363edf\" data-element_type=\"widget\" data-settings=\"{&quot;_animation&quot;:&quot;fadeInUp&quot;}\" data-widget_type=\"button.default\">\n\t\t\t\t<div class=\"elementor-widget-container\">\n\t\t\t\t\t<div class=\"elementor-button-wrapper\">\n\t\t\t<a class=\"elementor-button elementor-button-link elementor-size-sm\" href=\"https:\/\/dev.detabecomat.se\/en\/kontakta-oss\/\">\n\t\t\t\t\t\t<span class=\"elementor-button-content-wrapper\">\n\t\t\t\t\t\t<span class=\"elementor-button-icon\">\n\t\t\t\t<svg xmlns=\"http:\/\/www.w3.org\/2000\/svg\" width=\"7\" height=\"11\" viewbox=\"0 0 7 11\" fill=\"none\"><path d=\"M1.06896 11C0.906288 11 0.742958 10.9381 0.618324 10.8131C0.369413 10.5642 0.369413 10.1614 0.618324 9.91251L5.03107 5.50006L0.618324 1.08731C0.369413 0.8384 0.369413 0.435239 0.618324 0.186684C0.867236 -0.0622279 1.2704 -0.0622279 1.51925 0.186684L6.38198 5.04942C6.6309 5.29833 6.6309 5.70149 6.38198 5.95005L1.51925 10.8131C1.39503 10.9377 1.232 11 1.06896 11Z\" fill=\"black\"><\/path><\/svg>\t\t\t<\/span>\n\t\t\t\t\t\t\t\t\t<span class=\"elementor-button-text\">Contact us here<\/span>\n\t\t\t\t\t<\/span>\n\t\t\t\t\t<\/a>\n\t\t<\/div>\n\t\t\t\t<\/div>\n\t\t\t\t<\/div>\n\t\t\t\t\t<\/div>\n\t\t\t\t<\/div>\n\t\t\t\t<\/div>","protected":false},"excerpt":{"rendered":"<p>Om verksamheten P\u00e5 Detab har vi en l\u00e5ng och stolt historia som grundar sig i innovation och kvalitet. V\u00e5r resa b\u00f6rjade med en passion f\u00f6r att utveckla avancerade automationsl\u00f6sningar, och genom \u00e5ren har vi vuxit till att bli en ledande akt\u00f6r inom\u00a0vibrationsmatning. V\u00e5r historia \u00e4r en k\u00e4lla till inspiration, och vi b\u00e4r med oss de [&hellip;]<\/p>","protected":false},"author":3,"featured_media":0,"parent":0,"menu_order":0,"comment_status":"closed","ping_status":"closed","template":"","meta":{"_acf_changed":false,"footnotes":""},"class_list":["post-380","page","type-page","status-publish","hentry"],"acf":[],"yoast_head":"<!-- This site is optimized with the Yoast SEO plugin v23.5 - https:\/\/yoast.com\/wordpress\/plugins\/seo\/ -->\n<title>Om f\u00f6retaget | Detab Ecomat Automation<\/title>\n<meta name=\"description\" content=\"Vi \u00e4r en ledande tillverkare av flexibla produkter f\u00f6r transport\u00f6r- och orienteringssystem. V\u00e5ra produkter ger positiv inverkan hos f\u00f6retag.\" \/>\n<meta name=\"robots\" content=\"noindex, follow, max-snippet:-1, max-image-preview:large, max-video-preview:-1\" \/>\n<meta property=\"og:locale\" content=\"en_US\" \/>\n<meta property=\"og:type\" content=\"article\" \/>\n<meta property=\"og:title\" content=\"Om f\u00f6retaget | Detab Ecomat Automation\" \/>\n<meta property=\"og:description\" content=\"Vi \u00e4r en ledande tillverkare av flexibla produkter f\u00f6r transport\u00f6r- och orienteringssystem. V\u00e5ra produkter ger positiv inverkan hos f\u00f6retag.\" \/>\n<meta property=\"og:url\" content=\"https:\/\/dev.detabecomat.se\/en\/om-foretaget\/\" \/>\n<meta property=\"og:site_name\" content=\"Detab Ecomat Automation\" \/>\n<meta property=\"article:modified_time\" content=\"2024-11-29T17:52:35+00:00\" \/>\n<meta property=\"og:image\" content=\"https:\/\/dev.detabecomat.se\/wp-content\/uploads\/2024\/08\/IMG_6231-1024x683.jpg\" \/>\n<meta name=\"twitter:card\" content=\"summary_large_image\" \/>\n<meta name=\"twitter:label1\" content=\"Est. reading time\" \/>\n\t<meta name=\"twitter:data1\" content=\"2 minutes\" \/>\n<script type=\"application\/ld+json\" class=\"yoast-schema-graph\">{\"@context\":\"https:\/\/schema.org\",\"@graph\":[{\"@type\":\"WebPage\",\"@id\":\"https:\/\/dev.detabecomat.se\/om-foretaget\/\",\"url\":\"https:\/\/dev.detabecomat.se\/om-foretaget\/\",\"name\":\"Om f\u00f6retaget | Detab Ecomat Automation\",\"isPartOf\":{\"@id\":\"https:\/\/dev.detabecomat.se\/#website\"},\"primaryImageOfPage\":{\"@id\":\"https:\/\/dev.detabecomat.se\/om-foretaget\/#primaryimage\"},\"image\":{\"@id\":\"https:\/\/dev.detabecomat.se\/om-foretaget\/#primaryimage\"},\"thumbnailUrl\":\"https:\/\/dev.detabecomat.se\/wp-content\/uploads\/2024\/08\/IMG_6231-1024x683.jpg\",\"datePublished\":\"2022-12-13T13:53:32+00:00\",\"dateModified\":\"2024-11-29T17:52:35+00:00\",\"description\":\"Vi \u00e4r en ledande tillverkare av flexibla produkter f\u00f6r transport\u00f6r- och orienteringssystem. V\u00e5ra produkter ger positiv inverkan hos f\u00f6retag.\",\"breadcrumb\":{\"@id\":\"https:\/\/dev.detabecomat.se\/om-foretaget\/#breadcrumb\"},\"inLanguage\":\"en-US\",\"potentialAction\":[{\"@type\":\"ReadAction\",\"target\":[\"https:\/\/dev.detabecomat.se\/om-foretaget\/\"]}]},{\"@type\":\"ImageObject\",\"inLanguage\":\"en-US\",\"@id\":\"https:\/\/dev.detabecomat.se\/om-foretaget\/#primaryimage\",\"url\":\"https:\/\/dev.detabecomat.se\/wp-content\/uploads\/2024\/08\/IMG_6231-1024x683.jpg\",\"contentUrl\":\"https:\/\/dev.detabecomat.se\/wp-content\/uploads\/2024\/08\/IMG_6231-1024x683.jpg\"},{\"@type\":\"BreadcrumbList\",\"@id\":\"https:\/\/dev.detabecomat.se\/om-foretaget\/#breadcrumb\",\"itemListElement\":[{\"@type\":\"ListItem\",\"position\":1,\"name\":\"Hem\",\"item\":\"https:\/\/dev.detabecomat.se\/\"},{\"@type\":\"ListItem\",\"position\":2,\"name\":\"Om f\u00f6retaget\"}]},{\"@type\":\"WebSite\",\"@id\":\"https:\/\/dev.detabecomat.se\/#website\",\"url\":\"https:\/\/dev.detabecomat.se\/\",\"name\":\"Detab Ecomat Automation\",\"description\":\"Automation solutions\",\"publisher\":{\"@id\":\"https:\/\/dev.detabecomat.se\/#organization\"},\"potentialAction\":[{\"@type\":\"SearchAction\",\"target\":{\"@type\":\"EntryPoint\",\"urlTemplate\":\"https:\/\/dev.detabecomat.se\/?s={search_term_string}\"},\"query-input\":{\"@type\":\"PropertyValueSpecification\",\"valueRequired\":true,\"valueName\":\"search_term_string\"}}],\"inLanguage\":\"en-US\"},{\"@type\":\"Organization\",\"@id\":\"https:\/\/dev.detabecomat.se\/#organization\",\"name\":\"Detab Ecomat Automation\",\"url\":\"https:\/\/dev.detabecomat.se\/\",\"logo\":{\"@type\":\"ImageObject\",\"inLanguage\":\"en-US\",\"@id\":\"https:\/\/dev.detabecomat.se\/#\/schema\/logo\/image\/\",\"url\":\"https:\/\/dev.detabecomat.se\/wp-content\/uploads\/2022\/11\/Detab_logga_farg_svart-text.png\",\"contentUrl\":\"https:\/\/dev.detabecomat.se\/wp-content\/uploads\/2022\/11\/Detab_logga_farg_svart-text.png\",\"width\":1704,\"height\":493,\"caption\":\"Detab Ecomat Automation\"},\"image\":{\"@id\":\"https:\/\/dev.detabecomat.se\/#\/schema\/logo\/image\/\"}}]}<\/script>\n<!-- \/ Yoast SEO plugin. -->","yoast_head_json":{"title":"Om f\u00f6retaget | Detab Ecomat Automation","description":"Vi \u00e4r en ledande tillverkare av flexibla produkter f\u00f6r transport\u00f6r- och orienteringssystem. V\u00e5ra produkter ger positiv inverkan hos f\u00f6retag.","robots":{"index":"noindex","follow":"follow","max-snippet":"max-snippet:-1","max-image-preview":"max-image-preview:large","max-video-preview":"max-video-preview:-1"},"og_locale":"en_US","og_type":"article","og_title":"Om f\u00f6retaget | Detab Ecomat Automation","og_description":"Vi \u00e4r en ledande tillverkare av flexibla produkter f\u00f6r transport\u00f6r- och orienteringssystem. V\u00e5ra produkter ger positiv inverkan hos f\u00f6retag.","og_url":"https:\/\/dev.detabecomat.se\/en\/om-foretaget\/","og_site_name":"Detab Ecomat Automation","article_modified_time":"2024-11-29T17:52:35+00:00","og_image":[{"url":"https:\/\/dev.detabecomat.se\/wp-content\/uploads\/2024\/08\/IMG_6231-1024x683.jpg"}],"twitter_card":"summary_large_image","twitter_misc":{"Est. reading time":"2 minutes"},"schema":{"@context":"https:\/\/schema.org","@graph":[{"@type":"WebPage","@id":"https:\/\/dev.detabecomat.se\/om-foretaget\/","url":"https:\/\/dev.detabecomat.se\/om-foretaget\/","name":"Om f\u00f6retaget | Detab Ecomat Automation","isPartOf":{"@id":"https:\/\/dev.detabecomat.se\/#website"},"primaryImageOfPage":{"@id":"https:\/\/dev.detabecomat.se\/om-foretaget\/#primaryimage"},"image":{"@id":"https:\/\/dev.detabecomat.se\/om-foretaget\/#primaryimage"},"thumbnailUrl":"https:\/\/dev.detabecomat.se\/wp-content\/uploads\/2024\/08\/IMG_6231-1024x683.jpg","datePublished":"2022-12-13T13:53:32+00:00","dateModified":"2024-11-29T17:52:35+00:00","description":"Vi \u00e4r en ledande tillverkare av flexibla produkter f\u00f6r transport\u00f6r- och orienteringssystem. V\u00e5ra produkter ger positiv inverkan hos f\u00f6retag.","breadcrumb":{"@id":"https:\/\/dev.detabecomat.se\/om-foretaget\/#breadcrumb"},"inLanguage":"en-US","potentialAction":[{"@type":"ReadAction","target":["https:\/\/dev.detabecomat.se\/om-foretaget\/"]}]},{"@type":"ImageObject","inLanguage":"en-US","@id":"https:\/\/dev.detabecomat.se\/om-foretaget\/#primaryimage","url":"https:\/\/dev.detabecomat.se\/wp-content\/uploads\/2024\/08\/IMG_6231-1024x683.jpg","contentUrl":"https:\/\/dev.detabecomat.se\/wp-content\/uploads\/2024\/08\/IMG_6231-1024x683.jpg"},{"@type":"BreadcrumbList","@id":"https:\/\/dev.detabecomat.se\/om-foretaget\/#breadcrumb","itemListElement":[{"@type":"ListItem","position":1,"name":"Hem","item":"https:\/\/dev.detabecomat.se\/"},{"@type":"ListItem","position":2,"name":"Om f\u00f6retaget"}]},{"@type":"WebSite","@id":"https:\/\/dev.detabecomat.se\/#website","url":"https:\/\/dev.detabecomat.se\/","name":"Detab Ecomat Automation","description":"Automation solutions","publisher":{"@id":"https:\/\/dev.detabecomat.se\/#organization"},"potentialAction":[{"@type":"SearchAction","target":{"@type":"EntryPoint","urlTemplate":"https:\/\/dev.detabecomat.se\/?s={search_term_string}"},"query-input":{"@type":"PropertyValueSpecification","valueRequired":true,"valueName":"search_term_string"}}],"inLanguage":"en-US"},{"@type":"Organization","@id":"https:\/\/dev.detabecomat.se\/#organization","name":"Detab Ecomat Automation","url":"https:\/\/dev.detabecomat.se\/","logo":{"@type":"ImageObject","inLanguage":"en-US","@id":"https:\/\/dev.detabecomat.se\/#\/schema\/logo\/image\/","url":"https:\/\/dev.detabecomat.se\/wp-content\/uploads\/2022\/11\/Detab_logga_farg_svart-text.png","contentUrl":"https:\/\/dev.detabecomat.se\/wp-content\/uploads\/2022\/11\/Detab_logga_farg_svart-text.png","width":1704,"height":493,"caption":"Detab Ecomat Automation"},"image":{"@id":"https:\/\/dev.detabecomat.se\/#\/schema\/logo\/image\/"}}]}},"_links":{"self":[{"href":"https:\/\/dev.detabecomat.se\/en\/wp-json\/wp\/v2\/pages\/380","targetHints":{"allow":["GET"]}}],"collection":[{"href":"https:\/\/dev.detabecomat.se\/en\/wp-json\/wp\/v2\/pages"}],"about":[{"href":"https:\/\/dev.detabecomat.se\/en\/wp-json\/wp\/v2\/types\/page"}],"author":[{"embeddable":true,"href":"https:\/\/dev.detabecomat.se\/en\/wp-json\/wp\/v2\/users\/3"}],"replies":[{"embeddable":true,"href":"https:\/\/dev.detabecomat.se\/en\/wp-json\/wp\/v2\/comments?post=380"}],"version-history":[{"count":157,"href":"https:\/\/dev.detabecomat.se\/en\/wp-json\/wp\/v2\/pages\/380\/revisions"}],"predecessor-version":[{"id":4008,"href":"https:\/\/dev.detabecomat.se\/en\/wp-json\/wp\/v2\/pages\/380\/revisions\/4008"}],"wp:attachment":[{"href":"https:\/\/dev.detabecomat.se\/en\/wp-json\/wp\/v2\/media?parent=380"}],"curies":[{"name":"wp","href":"https:\/\/api.w.org\/{rel}","templated":true}]}}