{"id":879,"date":"2023-01-29T10:48:13","date_gmt":"2023-01-29T09:48:13","guid":{"rendered":"https:\/\/dev.detabecomat.se\/?page_id=879"},"modified":"2024-08-21T10:32:23","modified_gmt":"2024-08-21T08:32:23","slug":"service","status":"publish","type":"page","link":"https:\/\/dev.detabecomat.se\/en\/service\/","title":{"rendered":"Service"},"content":{"rendered":"<div data-elementor-type=\"wp-page\" data-elementor-id=\"879\" class=\"elementor elementor-879\" data-elementor-post-type=\"page\">\n\t\t\t\t<div class=\"elementor-element elementor-element-2c07ca96 e-flex e-con-boxed e-con e-parent\" data-id=\"2c07ca96\" data-element_type=\"container\" data-settings=\"{&quot;background_background&quot;:&quot;classic&quot;}\">\n\t\t\t\t\t<div class=\"e-con-inner\">\n\t\t\t\t\t<\/div>\n\t\t\t\t<\/div>\n\t\t<div class=\"elementor-element elementor-element-e39c29f e-flex e-con-boxed e-con e-parent\" data-id=\"e39c29f\" data-element_type=\"container\" data-settings=\"{&quot;background_background&quot;:&quot;classic&quot;}\">\n\t\t\t\t\t<div class=\"e-con-inner\">\n\t\t<div class=\"elementor-element elementor-element-293d522 e-con-full e-flex e-con e-child\" data-id=\"293d522\" data-element_type=\"container\">\n\t\t<div class=\"elementor-element elementor-element-bd5888e e-flex e-con-boxed e-con e-child\" data-id=\"bd5888e\" data-element_type=\"container\">\n\t\t\t\t\t<div class=\"e-con-inner\">\n\t\t\t\t<div class=\"elementor-element elementor-element-efbe246 elementor-tabs-view-horizontal elementor-widget elementor-widget-tabs\" data-id=\"efbe246\" data-element_type=\"widget\" id=\"accordion-custom\" data-widget_type=\"tabs.default\">\n\t\t\t\t<div class=\"elementor-widget-container\">\n\t\t\t\t\t<div class=\"elementor-tabs\">\n\t\t\t<div class=\"elementor-tabs-wrapper\" role=\"tablist\" >\n\t\t\t\t\t\t\t\t\t<div id=\"elementor-tab-title-2511\" class=\"elementor-tab-title elementor-tab-desktop-title\" aria-selected=\"true\" data-tab=\"1\" role=\"tab\" tabindex=\"0\" aria-controls=\"elementor-tab-content-2511\" aria-expanded=\"false\">Planned Service\u200b<\/div>\n\t\t\t\t\t\t\t\t\t<div id=\"elementor-tab-title-2512\" class=\"elementor-tab-title elementor-tab-desktop-title\" aria-selected=\"false\" data-tab=\"2\" role=\"tab\" tabindex=\"-1\" aria-controls=\"elementor-tab-content-2512\" aria-expanded=\"false\">Prevention &amp; Development<\/div>\n\t\t\t\t\t\t\t<\/div>\n\t\t\t<div class=\"elementor-tabs-content-wrapper\" role=\"tablist\" aria-orientation=\"vertical\">\n\t\t\t\t\t\t\t\t\t<div class=\"elementor-tab-title elementor-tab-mobile-title\" aria-selected=\"true\" data-tab=\"1\" role=\"tab\" tabindex=\"0\" aria-controls=\"elementor-tab-content-2511\" aria-expanded=\"false\">Planned Service\u200b<\/div>\n\t\t\t\t\t<div id=\"elementor-tab-content-2511\" class=\"elementor-tab-content elementor-clearfix\" data-tab=\"1\" role=\"tabpanel\" aria-labelledby=\"elementor-tab-title-2511\" tabindex=\"0\" hidden=\"false\"><p>Adopting a preventive approach to maintenance removes the unforeseen risks of production disruptions, increasing the uptime and performance of your DG FlexFeeder. Regular preventive and proactive maintenance also facilitates budgeting, protects your investment and avoids costly downtime. Our scheduled service consists of preventive maintenance and maintenance solutions to increase the efficiency and life of your DG FlexFeeders.<\/p><\/div>\n\t\t\t\t\t\t\t\t\t<div class=\"elementor-tab-title elementor-tab-mobile-title\" aria-selected=\"false\" data-tab=\"2\" role=\"tab\" tabindex=\"-1\" aria-controls=\"elementor-tab-content-2512\" aria-expanded=\"false\">Prevention &amp; Development<\/div>\n\t\t\t\t\t<div id=\"elementor-tab-content-2512\" class=\"elementor-tab-content elementor-clearfix\" data-tab=\"2\" role=\"tabpanel\" aria-labelledby=\"elementor-tab-title-2512\" tabindex=\"0\" hidden=\"hidden\"><p>We are constantly working on developing our offering and driving fast and cost-effective ways to improve existing machines. This is to extend their lifespan and optimize their performance. Upgrades enable greater energy efficiency while reducing waste. However, sometimes we have to accept that the machine is at the end of its lifecycle, and we provide you with a transparent overview while offering a seamless transition between old and new machines with continuous service support.<\/p><\/div>\n\t\t\t\t\t\t\t<\/div>\n\t\t<\/div>\n\t\t\t\t<\/div>\n\t\t\t\t<\/div>\n\t\t\t\t\t<\/div>\n\t\t\t\t<\/div>\n\t\t\t\t<\/div>\n\t\t\t\t<div class=\"elementor-element elementor-element-c751a54 elementor-widget-tablet__width-initial elementor-widget elementor-widget-image\" data-id=\"c751a54\" data-element_type=\"widget\" data-widget_type=\"image.default\">\n\t\t\t\t<div class=\"elementor-widget-container\">\n\t\t\t\t\t\t\t\t\t\t\t\t\t<img fetchpriority=\"high\" decoding=\"async\" width=\"800\" height=\"600\" src=\"https:\/\/dev.detabecomat.se\/wp-content\/uploads\/2023\/06\/StudioDittmer_4681-rob-peter-hakan_2000px-1024x768.jpg\" class=\"attachment-large size-large wp-image-2008\" alt=\"\" srcset=\"https:\/\/dev.detabecomat.se\/wp-content\/uploads\/2023\/06\/StudioDittmer_4681-rob-peter-hakan_2000px-1024x768.jpg 1024w, https:\/\/dev.detabecomat.se\/wp-content\/uploads\/2023\/06\/StudioDittmer_4681-rob-peter-hakan_2000px-300x225.jpg 300w, https:\/\/dev.detabecomat.se\/wp-content\/uploads\/2023\/06\/StudioDittmer_4681-rob-peter-hakan_2000px-768x576.jpg 768w, https:\/\/dev.detabecomat.se\/wp-content\/uploads\/2023\/06\/StudioDittmer_4681-rob-peter-hakan_2000px-1536x1152.jpg 1536w, https:\/\/dev.detabecomat.se\/wp-content\/uploads\/2023\/06\/StudioDittmer_4681-rob-peter-hakan_2000px-16x12.jpg 16w, https:\/\/dev.detabecomat.se\/wp-content\/uploads\/2023\/06\/StudioDittmer_4681-rob-peter-hakan_2000px.jpg 2000w\" sizes=\"(max-width: 800px) 100vw, 800px\" \/>\t\t\t\t\t\t\t\t\t\t\t\t\t<\/div>\n\t\t\t\t<\/div>\n\t\t\t\t\t<\/div>\n\t\t\t\t<\/div>\n\t\t<div class=\"elementor-element elementor-element-57aea913 e-flex e-con-boxed e-con e-parent\" data-id=\"57aea913\" data-element_type=\"container\" data-settings=\"{&quot;background_background&quot;:&quot;classic&quot;}\">\n\t\t\t\t\t<div class=\"e-con-inner\">\n\t\t\t\t<div class=\"elementor-element elementor-element-7601bd0c elementor-widget-tablet__width-initial elementor-widget elementor-widget-image\" data-id=\"7601bd0c\" data-element_type=\"widget\" data-widget_type=\"image.default\">\n\t\t\t\t<div class=\"elementor-widget-container\">\n\t\t\t\t\t\t\t\t\t\t\t\t\t<img decoding=\"async\" width=\"800\" height=\"600\" src=\"https:\/\/dev.detabecomat.se\/wp-content\/uploads\/2023\/06\/StudioDittmer_4651_2000px-1024x768.jpg\" class=\"attachment-large size-large wp-image-1998\" alt=\"\" srcset=\"https:\/\/dev.detabecomat.se\/wp-content\/uploads\/2023\/06\/StudioDittmer_4651_2000px-1024x768.jpg 1024w, https:\/\/dev.detabecomat.se\/wp-content\/uploads\/2023\/06\/StudioDittmer_4651_2000px-300x225.jpg 300w, https:\/\/dev.detabecomat.se\/wp-content\/uploads\/2023\/06\/StudioDittmer_4651_2000px-768x576.jpg 768w, https:\/\/dev.detabecomat.se\/wp-content\/uploads\/2023\/06\/StudioDittmer_4651_2000px-1536x1152.jpg 1536w, https:\/\/dev.detabecomat.se\/wp-content\/uploads\/2023\/06\/StudioDittmer_4651_2000px-16x12.jpg 16w, https:\/\/dev.detabecomat.se\/wp-content\/uploads\/2023\/06\/StudioDittmer_4651_2000px.jpg 2000w\" sizes=\"(max-width: 800px) 100vw, 800px\" \/>\t\t\t\t\t\t\t\t\t\t\t\t\t<\/div>\n\t\t\t\t<\/div>\n\t\t<div class=\"elementor-element elementor-element-0f4c2d5 e-con-full e-flex e-con e-child\" data-id=\"0f4c2d5\" data-element_type=\"container\">\n\t\t<div class=\"elementor-element elementor-element-c3a6ea7 e-flex e-con-boxed e-con e-child\" data-id=\"c3a6ea7\" data-element_type=\"container\">\n\t\t\t\t\t<div class=\"e-con-inner\">\n\t\t\t\t<div class=\"elementor-element elementor-element-9c0ec32 elementor-tabs-view-horizontal elementor-widget elementor-widget-tabs\" data-id=\"9c0ec32\" data-element_type=\"widget\" id=\"accordion-custom\" data-widget_type=\"tabs.default\">\n\t\t\t\t<div class=\"elementor-widget-container\">\n\t\t\t\t\t<div class=\"elementor-tabs\">\n\t\t\t<div class=\"elementor-tabs-wrapper\" role=\"tablist\" >\n\t\t\t\t\t\t\t\t\t<div id=\"elementor-tab-title-1631\" class=\"elementor-tab-title elementor-tab-desktop-title\" aria-selected=\"true\" data-tab=\"1\" role=\"tab\" tabindex=\"0\" aria-controls=\"elementor-tab-content-1631\" aria-expanded=\"false\">Repairs<\/div>\n\t\t\t\t\t\t\t\t\t<div id=\"elementor-tab-title-1632\" class=\"elementor-tab-title elementor-tab-desktop-title\" aria-selected=\"false\" data-tab=\"2\" role=\"tab\" tabindex=\"-1\" aria-controls=\"elementor-tab-content-1632\" aria-expanded=\"false\">Service agreement\u200b<\/div>\n\t\t\t\t\t\t\t<\/div>\n\t\t\t<div class=\"elementor-tabs-content-wrapper\" role=\"tablist\" aria-orientation=\"vertical\">\n\t\t\t\t\t\t\t\t\t<div class=\"elementor-tab-title elementor-tab-mobile-title\" aria-selected=\"true\" data-tab=\"1\" role=\"tab\" tabindex=\"0\" aria-controls=\"elementor-tab-content-1631\" aria-expanded=\"false\">Repairs<\/div>\n\t\t\t\t\t<div id=\"elementor-tab-content-1631\" class=\"elementor-tab-content elementor-clearfix\" data-tab=\"1\" role=\"tabpanel\" aria-labelledby=\"elementor-tab-title-1631\" tabindex=\"0\" hidden=\"false\"><p>If a situation arises or if your FlexFeeder is not functioning as it should, we strive to ensure that our service personnel are quickly on-site. We understand the importance of a swift response to minimize costly downtime when the unexpected happens. Our service experts are at your disposal to ensure the right actions are taken; they are efficient and solution-oriented to meet our customers' diverse requirements.<\/p><\/div>\n\t\t\t\t\t\t\t\t\t<div class=\"elementor-tab-title elementor-tab-mobile-title\" aria-selected=\"false\" data-tab=\"2\" role=\"tab\" tabindex=\"-1\" aria-controls=\"elementor-tab-content-1632\" aria-expanded=\"false\">Service agreement\u200b<\/div>\n\t\t\t\t\t<div id=\"elementor-tab-content-1632\" class=\"elementor-tab-content elementor-clearfix\" data-tab=\"2\" role=\"tabpanel\" aria-labelledby=\"elementor-tab-title-1632\" tabindex=\"0\" hidden=\"hidden\"><p>It is not easy to keep track of all the service that must be performed in a production. Therefore, we are pleased to announce that we have produced a service agreement for new and existing customers. The main purpose of our service agreement is to ensure regular maintenance at an affordable level. Depending on how often and how many hours your machine is used, the need for service intervals will vary. Contact us for more information.<\/p><\/div>\n\t\t\t\t\t\t\t<\/div>\n\t\t<\/div>\n\t\t\t\t<\/div>\n\t\t\t\t<\/div>\n\t\t\t\t\t<\/div>\n\t\t\t\t<\/div>\n\t\t\t\t<\/div>\n\t\t\t\t\t<\/div>\n\t\t\t\t<\/div>\n\t\t<div class=\"elementor-element elementor-element-975dad8 e-flex e-con-boxed e-con e-parent\" data-id=\"975dad8\" data-element_type=\"container\" data-settings=\"{&quot;background_background&quot;:&quot;classic&quot;}\">\n\t\t\t\t\t<div class=\"e-con-inner\">\n\t\t<div class=\"elementor-element elementor-element-c87aa16 e-con-full e-flex e-con e-child\" data-id=\"c87aa16\" data-element_type=\"container\">\n\t\t\t\t<div class=\"elementor-element elementor-element-2df62ee elementor-widget elementor-widget-heading\" data-id=\"2df62ee\" data-element_type=\"widget\" data-widget_type=\"heading.default\">\n\t\t\t\t<div class=\"elementor-widget-container\">\n\t\t\t<h2 class=\"elementor-heading-title elementor-size-default\">Spare parts<\/h2>\t\t<\/div>\n\t\t\t\t<\/div>\n\t\t\t\t<div class=\"elementor-element elementor-element-2d581f9 elementor-widget elementor-widget-text-editor\" data-id=\"2d581f9\" data-element_type=\"widget\" data-widget_type=\"text-editor.default\">\n\t\t\t\t<div class=\"elementor-widget-container\">\n\t\t\t\t\t\t\t<p>Service and aftermarket are important to us. We try to meet our customers' needs and demand in the best possible way. We always strive for our machines to have a long life cycle with high efficiency and capacity throughout their entire cycle. We want to contribute to reducing the carbon footprint on our planet and see the opportunity to reduce resources by taking better care of our machines. If we get better at maintaining and servicing the machines in our productions more frequently, our FlexFeeders will last for a very long time.\u00a0<br \/><br \/>However, sometimes we have to realize that our machines and spare parts are outdated and need to be replaced with new machines or upgraded with more modern spare parts and functions. When the time comes, we try to make this transition as simple and smooth as possible for our customers and, if desired, we are happy to hold training sessions for your staff on site.<\/p>\t\t\t\t\t\t<\/div>\n\t\t\t\t<\/div>\n\t\t\t\t<\/div>\n\t\t\t\t<div class=\"elementor-element elementor-element-df3d57b elementor-widget-tablet__width-initial elementor-widget elementor-widget-image\" data-id=\"df3d57b\" data-element_type=\"widget\" data-widget_type=\"image.default\">\n\t\t\t\t<div class=\"elementor-widget-container\">\n\t\t\t\t\t\t\t\t\t\t\t\t\t<img decoding=\"async\" width=\"800\" height=\"534\" src=\"https:\/\/dev.detabecomat.se\/wp-content\/uploads\/2024\/05\/backpack-studio-d6gyCYQU1vc-unsplash-1024x683.jpg\" class=\"attachment-large size-large wp-image-3650\" alt=\"\" srcset=\"https:\/\/dev.detabecomat.se\/wp-content\/uploads\/2024\/05\/backpack-studio-d6gyCYQU1vc-unsplash-1024x683.jpg 1024w, https:\/\/dev.detabecomat.se\/wp-content\/uploads\/2024\/05\/backpack-studio-d6gyCYQU1vc-unsplash-300x200.jpg 300w, https:\/\/dev.detabecomat.se\/wp-content\/uploads\/2024\/05\/backpack-studio-d6gyCYQU1vc-unsplash-768x512.jpg 768w, https:\/\/dev.detabecomat.se\/wp-content\/uploads\/2024\/05\/backpack-studio-d6gyCYQU1vc-unsplash-1536x1024.jpg 1536w, https:\/\/dev.detabecomat.se\/wp-content\/uploads\/2024\/05\/backpack-studio-d6gyCYQU1vc-unsplash-2048x1365.jpg 2048w, https:\/\/dev.detabecomat.se\/wp-content\/uploads\/2024\/05\/backpack-studio-d6gyCYQU1vc-unsplash-18x12.jpg 18w\" sizes=\"(max-width: 800px) 100vw, 800px\" \/>\t\t\t\t\t\t\t\t\t\t\t\t\t<\/div>\n\t\t\t\t<\/div>\n\t\t\t\t\t<\/div>\n\t\t\t\t<\/div>\n\t\t<div class=\"elementor-element elementor-element-cf5df37 e-flex e-con-boxed e-con e-parent\" data-id=\"cf5df37\" data-element_type=\"container\" data-settings=\"{&quot;background_background&quot;:&quot;classic&quot;}\">\n\t\t\t\t\t<div class=\"e-con-inner\">\n\t\t\t\t<div class=\"elementor-element elementor-element-32800280 elementor-widget__width-initial elementor-widget elementor-widget-heading\" data-id=\"32800280\" data-element_type=\"widget\" data-widget_type=\"heading.default\">\n\t\t\t\t<div class=\"elementor-widget-container\">\n\t\t\t<h2 class=\"elementor-heading-title elementor-size-default\">Do you also want to streamline your production?<\/h2>\t\t<\/div>\n\t\t\t\t<\/div>\n\t\t\t\t<div class=\"elementor-element elementor-element-43046f93 underline-link elementor-invisible elementor-widget elementor-widget-button\" data-id=\"43046f93\" data-element_type=\"widget\" data-settings=\"{&quot;_animation&quot;:&quot;fadeInUp&quot;}\" data-widget_type=\"button.default\">\n\t\t\t\t<div class=\"elementor-widget-container\">\n\t\t\t\t\t<div class=\"elementor-button-wrapper\">\n\t\t\t<a class=\"elementor-button elementor-button-link elementor-size-sm\" href=\"https:\/\/dev.detabecomat.se\/en\/kontakta-oss\/\">\n\t\t\t\t\t\t<span class=\"elementor-button-content-wrapper\">\n\t\t\t\t\t\t<span class=\"elementor-button-icon\">\n\t\t\t\t<svg xmlns=\"http:\/\/www.w3.org\/2000\/svg\" width=\"7\" height=\"11\" viewbox=\"0 0 7 11\" fill=\"none\"><path d=\"M1.06896 11C0.906288 11 0.742958 10.9381 0.618324 10.8131C0.369413 10.5642 0.369413 10.1614 0.618324 9.91251L5.03107 5.50006L0.618324 1.08731C0.369413 0.8384 0.369413 0.435239 0.618324 0.186684C0.867236 -0.0622279 1.2704 -0.0622279 1.51925 0.186684L6.38198 5.04942C6.6309 5.29833 6.6309 5.70149 6.38198 5.95005L1.51925 10.8131C1.39503 10.9377 1.232 11 1.06896 11Z\" fill=\"black\"><\/path><\/svg>\t\t\t<\/span>\n\t\t\t\t\t\t\t\t\t<span class=\"elementor-button-text\">Contact us here<\/span>\n\t\t\t\t\t<\/span>\n\t\t\t\t\t<\/a>\n\t\t<\/div>\n\t\t\t\t<\/div>\n\t\t\t\t<\/div>\n\t\t\t\t\t<\/div>\n\t\t\t\t<\/div>\n\t\t\t\t<\/div>","protected":false},"excerpt":{"rendered":"<p>Planerad Service\u200b F\u00f6rebyggande &#038; Utveckling Planerad Service\u200b Att anta ett f\u00f6rebyggande f\u00f6rh\u00e5llningss\u00e4tt f\u00f6r underh\u00e5ll tar bort de of\u00f6rutsedda riskerna f\u00f6r produktionsst\u00f6rningar, \u00f6kar drifttiden och prestandan f\u00f6r din DG FlexFeeder. Regelbundet f\u00f6rebyggande och proaktivt underh\u00e5ll underl\u00e4ttar \u00e4ven budgetering, skyddar din investering och undviker kostsamma stillest\u00e5ndstider. V\u00e5r planerade service best\u00e5r av f\u00f6rebyggande underh\u00e5ll och underh\u00e5llsl\u00f6sningar f\u00f6r att [&hellip;]<\/p>","protected":false},"author":2,"featured_media":0,"parent":0,"menu_order":0,"comment_status":"closed","ping_status":"closed","template":"","meta":{"_acf_changed":false,"footnotes":""},"class_list":["post-879","page","type-page","status-publish","hentry"],"acf":[],"yoast_head":"<!-- This site is optimized with the Yoast SEO plugin v23.5 - https:\/\/yoast.com\/wordpress\/plugins\/seo\/ -->\n<title>Service | Detab Ecomat Automation<\/title>\n<meta name=\"description\" content=\"Vi erbjuder allt ifr\u00e5n serviceavtal till eftermarknad f\u00f6r reservdelar. Service \u00e4r viktigt och n\u00e5got vi v\u00e4rdes\u00e4tter.\" \/>\n<meta name=\"robots\" content=\"noindex, follow, max-snippet:-1, max-image-preview:large, max-video-preview:-1\" \/>\n<meta property=\"og:locale\" content=\"en_US\" \/>\n<meta property=\"og:type\" content=\"article\" \/>\n<meta property=\"og:title\" content=\"Service | Detab Ecomat Automation\" \/>\n<meta property=\"og:description\" content=\"Vi erbjuder allt ifr\u00e5n serviceavtal till eftermarknad f\u00f6r reservdelar. Service \u00e4r viktigt och n\u00e5got vi v\u00e4rdes\u00e4tter.\" \/>\n<meta property=\"og:url\" content=\"https:\/\/dev.detabecomat.se\/en\/service\/\" \/>\n<meta property=\"og:site_name\" content=\"Detab Ecomat Automation\" \/>\n<meta property=\"article:modified_time\" content=\"2024-08-21T08:32:23+00:00\" \/>\n<meta property=\"og:image\" content=\"https:\/\/dev.detabecomat.se\/wp-content\/uploads\/2023\/06\/StudioDittmer_4681-rob-peter-hakan_2000px-1024x768.jpg\" \/>\n<meta name=\"twitter:card\" content=\"summary_large_image\" \/>\n<meta name=\"twitter:label1\" content=\"Est. reading time\" \/>\n\t<meta name=\"twitter:data1\" content=\"3 minutes\" \/>\n<script type=\"application\/ld+json\" class=\"yoast-schema-graph\">{\"@context\":\"https:\/\/schema.org\",\"@graph\":[{\"@type\":\"WebPage\",\"@id\":\"https:\/\/dev.detabecomat.se\/service\/\",\"url\":\"https:\/\/dev.detabecomat.se\/service\/\",\"name\":\"Service | Detab Ecomat Automation\",\"isPartOf\":{\"@id\":\"https:\/\/dev.detabecomat.se\/#website\"},\"primaryImageOfPage\":{\"@id\":\"https:\/\/dev.detabecomat.se\/service\/#primaryimage\"},\"image\":{\"@id\":\"https:\/\/dev.detabecomat.se\/service\/#primaryimage\"},\"thumbnailUrl\":\"https:\/\/dev.detabecomat.se\/wp-content\/uploads\/2023\/06\/StudioDittmer_4681-rob-peter-hakan_2000px-1024x768.jpg\",\"datePublished\":\"2023-01-29T09:48:13+00:00\",\"dateModified\":\"2024-08-21T08:32:23+00:00\",\"description\":\"Vi erbjuder allt ifr\u00e5n serviceavtal till eftermarknad f\u00f6r reservdelar. Service \u00e4r viktigt och n\u00e5got vi v\u00e4rdes\u00e4tter.\",\"breadcrumb\":{\"@id\":\"https:\/\/dev.detabecomat.se\/service\/#breadcrumb\"},\"inLanguage\":\"en-US\",\"potentialAction\":[{\"@type\":\"ReadAction\",\"target\":[\"https:\/\/dev.detabecomat.se\/service\/\"]}]},{\"@type\":\"ImageObject\",\"inLanguage\":\"en-US\",\"@id\":\"https:\/\/dev.detabecomat.se\/service\/#primaryimage\",\"url\":\"https:\/\/dev.detabecomat.se\/wp-content\/uploads\/2023\/06\/StudioDittmer_4681-rob-peter-hakan_2000px-1024x768.jpg\",\"contentUrl\":\"https:\/\/dev.detabecomat.se\/wp-content\/uploads\/2023\/06\/StudioDittmer_4681-rob-peter-hakan_2000px-1024x768.jpg\"},{\"@type\":\"BreadcrumbList\",\"@id\":\"https:\/\/dev.detabecomat.se\/service\/#breadcrumb\",\"itemListElement\":[{\"@type\":\"ListItem\",\"position\":1,\"name\":\"Hem\",\"item\":\"https:\/\/dev.detabecomat.se\/\"},{\"@type\":\"ListItem\",\"position\":2,\"name\":\"Service\"}]},{\"@type\":\"WebSite\",\"@id\":\"https:\/\/dev.detabecomat.se\/#website\",\"url\":\"https:\/\/dev.detabecomat.se\/\",\"name\":\"Detab Ecomat Automation\",\"description\":\"Automation solutions\",\"publisher\":{\"@id\":\"https:\/\/dev.detabecomat.se\/#organization\"},\"potentialAction\":[{\"@type\":\"SearchAction\",\"target\":{\"@type\":\"EntryPoint\",\"urlTemplate\":\"https:\/\/dev.detabecomat.se\/?s={search_term_string}\"},\"query-input\":{\"@type\":\"PropertyValueSpecification\",\"valueRequired\":true,\"valueName\":\"search_term_string\"}}],\"inLanguage\":\"en-US\"},{\"@type\":\"Organization\",\"@id\":\"https:\/\/dev.detabecomat.se\/#organization\",\"name\":\"Detab Ecomat Automation\",\"url\":\"https:\/\/dev.detabecomat.se\/\",\"logo\":{\"@type\":\"ImageObject\",\"inLanguage\":\"en-US\",\"@id\":\"https:\/\/dev.detabecomat.se\/#\/schema\/logo\/image\/\",\"url\":\"https:\/\/dev.detabecomat.se\/wp-content\/uploads\/2022\/11\/Detab_logga_farg_svart-text.png\",\"contentUrl\":\"https:\/\/dev.detabecomat.se\/wp-content\/uploads\/2022\/11\/Detab_logga_farg_svart-text.png\",\"width\":1704,\"height\":493,\"caption\":\"Detab Ecomat Automation\"},\"image\":{\"@id\":\"https:\/\/dev.detabecomat.se\/#\/schema\/logo\/image\/\"}}]}<\/script>\n<!-- \/ Yoast SEO plugin. -->","yoast_head_json":{"title":"Service | Detab Ecomat Automation","description":"Vi erbjuder allt ifr\u00e5n serviceavtal till eftermarknad f\u00f6r reservdelar. Service \u00e4r viktigt och n\u00e5got vi v\u00e4rdes\u00e4tter.","robots":{"index":"noindex","follow":"follow","max-snippet":"max-snippet:-1","max-image-preview":"max-image-preview:large","max-video-preview":"max-video-preview:-1"},"og_locale":"en_US","og_type":"article","og_title":"Service | Detab Ecomat Automation","og_description":"Vi erbjuder allt ifr\u00e5n serviceavtal till eftermarknad f\u00f6r reservdelar. Service \u00e4r viktigt och n\u00e5got vi v\u00e4rdes\u00e4tter.","og_url":"https:\/\/dev.detabecomat.se\/en\/service\/","og_site_name":"Detab Ecomat Automation","article_modified_time":"2024-08-21T08:32:23+00:00","og_image":[{"url":"https:\/\/dev.detabecomat.se\/wp-content\/uploads\/2023\/06\/StudioDittmer_4681-rob-peter-hakan_2000px-1024x768.jpg"}],"twitter_card":"summary_large_image","twitter_misc":{"Est. reading time":"3 minutes"},"schema":{"@context":"https:\/\/schema.org","@graph":[{"@type":"WebPage","@id":"https:\/\/dev.detabecomat.se\/service\/","url":"https:\/\/dev.detabecomat.se\/service\/","name":"Service | Detab Ecomat Automation","isPartOf":{"@id":"https:\/\/dev.detabecomat.se\/#website"},"primaryImageOfPage":{"@id":"https:\/\/dev.detabecomat.se\/service\/#primaryimage"},"image":{"@id":"https:\/\/dev.detabecomat.se\/service\/#primaryimage"},"thumbnailUrl":"https:\/\/dev.detabecomat.se\/wp-content\/uploads\/2023\/06\/StudioDittmer_4681-rob-peter-hakan_2000px-1024x768.jpg","datePublished":"2023-01-29T09:48:13+00:00","dateModified":"2024-08-21T08:32:23+00:00","description":"Vi erbjuder allt ifr\u00e5n serviceavtal till eftermarknad f\u00f6r reservdelar. Service \u00e4r viktigt och n\u00e5got vi v\u00e4rdes\u00e4tter.","breadcrumb":{"@id":"https:\/\/dev.detabecomat.se\/service\/#breadcrumb"},"inLanguage":"en-US","potentialAction":[{"@type":"ReadAction","target":["https:\/\/dev.detabecomat.se\/service\/"]}]},{"@type":"ImageObject","inLanguage":"en-US","@id":"https:\/\/dev.detabecomat.se\/service\/#primaryimage","url":"https:\/\/dev.detabecomat.se\/wp-content\/uploads\/2023\/06\/StudioDittmer_4681-rob-peter-hakan_2000px-1024x768.jpg","contentUrl":"https:\/\/dev.detabecomat.se\/wp-content\/uploads\/2023\/06\/StudioDittmer_4681-rob-peter-hakan_2000px-1024x768.jpg"},{"@type":"BreadcrumbList","@id":"https:\/\/dev.detabecomat.se\/service\/#breadcrumb","itemListElement":[{"@type":"ListItem","position":1,"name":"Hem","item":"https:\/\/dev.detabecomat.se\/"},{"@type":"ListItem","position":2,"name":"Service"}]},{"@type":"WebSite","@id":"https:\/\/dev.detabecomat.se\/#website","url":"https:\/\/dev.detabecomat.se\/","name":"Detab Ecomat Automation","description":"Automation solutions","publisher":{"@id":"https:\/\/dev.detabecomat.se\/#organization"},"potentialAction":[{"@type":"SearchAction","target":{"@type":"EntryPoint","urlTemplate":"https:\/\/dev.detabecomat.se\/?s={search_term_string}"},"query-input":{"@type":"PropertyValueSpecification","valueRequired":true,"valueName":"search_term_string"}}],"inLanguage":"en-US"},{"@type":"Organization","@id":"https:\/\/dev.detabecomat.se\/#organization","name":"Detab Ecomat Automation","url":"https:\/\/dev.detabecomat.se\/","logo":{"@type":"ImageObject","inLanguage":"en-US","@id":"https:\/\/dev.detabecomat.se\/#\/schema\/logo\/image\/","url":"https:\/\/dev.detabecomat.se\/wp-content\/uploads\/2022\/11\/Detab_logga_farg_svart-text.png","contentUrl":"https:\/\/dev.detabecomat.se\/wp-content\/uploads\/2022\/11\/Detab_logga_farg_svart-text.png","width":1704,"height":493,"caption":"Detab Ecomat Automation"},"image":{"@id":"https:\/\/dev.detabecomat.se\/#\/schema\/logo\/image\/"}}]}},"_links":{"self":[{"href":"https:\/\/dev.detabecomat.se\/en\/wp-json\/wp\/v2\/pages\/879","targetHints":{"allow":["GET"]}}],"collection":[{"href":"https:\/\/dev.detabecomat.se\/en\/wp-json\/wp\/v2\/pages"}],"about":[{"href":"https:\/\/dev.detabecomat.se\/en\/wp-json\/wp\/v2\/types\/page"}],"author":[{"embeddable":true,"href":"https:\/\/dev.detabecomat.se\/en\/wp-json\/wp\/v2\/users\/2"}],"replies":[{"embeddable":true,"href":"https:\/\/dev.detabecomat.se\/en\/wp-json\/wp\/v2\/comments?post=879"}],"version-history":[{"count":210,"href":"https:\/\/dev.detabecomat.se\/en\/wp-json\/wp\/v2\/pages\/879\/revisions"}],"predecessor-version":[{"id":3894,"href":"https:\/\/dev.detabecomat.se\/en\/wp-json\/wp\/v2\/pages\/879\/revisions\/3894"}],"wp:attachment":[{"href":"https:\/\/dev.detabecomat.se\/en\/wp-json\/wp\/v2\/media?parent=879"}],"curies":[{"name":"wp","href":"https:\/\/api.w.org\/{rel}","templated":true}]}}